{"id":75,"date":"2023-10-12T15:49:21","date_gmt":"2023-10-12T14:49:21","guid":{"rendered":"https:\/\/anandame.fr\/?page_id=75"},"modified":"2023-10-13T18:26:19","modified_gmt":"2023-10-13T17:26:19","slug":"soins-energetiques","status":"publish","type":"page","link":"https:\/\/anandame.fr\/index.php\/soins-energetiques\/","title":{"rendered":"Soins \u00e9nerg\u00e9tiques"},"content":{"rendered":"\t\t<div data-elementor-type=\"wp-page\" data-elementor-id=\"75\" class=\"elementor elementor-75\">\n\t\t\t\t\t\t<section class=\"elementor-section elementor-top-section elementor-element elementor-element-021e7f0 elementor-section-boxed elementor-section-height-default elementor-section-height-default\" data-id=\"021e7f0\" data-element_type=\"section\">\n\t\t\t\t\t\t<div class=\"elementor-container elementor-column-gap-default\">\n\t\t\t\t\t<div class=\"elementor-column elementor-col-100 elementor-top-column elementor-element elementor-element-a5f3844\" data-id=\"a5f3844\" data-element_type=\"column\">\n\t\t\t<div class=\"elementor-widget-wrap elementor-element-populated\">\n\t\t\t\t\t\t<section class=\"elementor-section elementor-inner-section elementor-element elementor-element-4b962de elementor-section-boxed elementor-section-height-default elementor-section-height-default\" data-id=\"4b962de\" data-element_type=\"section\">\n\t\t\t\t\t\t<div class=\"elementor-container elementor-column-gap-default\">\n\t\t\t\t\t<div class=\"elementor-column elementor-col-50 elementor-inner-column elementor-element elementor-element-b5fbadc\" data-id=\"b5fbadc\" data-element_type=\"column\">\n\t\t\t<div class=\"elementor-widget-wrap elementor-element-populated\">\n\t\t\t\t\t\t<div class=\"elementor-element elementor-element-a6ac623 elementor-widget elementor-widget-image\" data-id=\"a6ac623\" data-element_type=\"widget\" data-widget_type=\"image.default\">\n\t\t\t\t<div class=\"elementor-widget-container\">\n\t\t\t<style>\/*! elementor - v3.20.0 - 26-03-2024 *\/\n.elementor-widget-image{text-align:center}.elementor-widget-image a{display:inline-block}.elementor-widget-image a img[src$=\".svg\"]{width:48px}.elementor-widget-image img{vertical-align:middle;display:inline-block}<\/style>\t\t\t\t\t\t\t\t\t\t<img fetchpriority=\"high\" decoding=\"async\" width=\"1024\" height=\"830\" src=\"https:\/\/anandame.fr\/wp-content\/uploads\/2023\/08\/buddha-g7e51f0ad9_1920-1024x830.jpg\" class=\"attachment-large size-large wp-image-27\" alt=\"\" srcset=\"https:\/\/anandame.fr\/wp-content\/uploads\/2023\/08\/buddha-g7e51f0ad9_1920-1024x830.jpg 1024w, https:\/\/anandame.fr\/wp-content\/uploads\/2023\/08\/buddha-g7e51f0ad9_1920-300x243.jpg 300w, https:\/\/anandame.fr\/wp-content\/uploads\/2023\/08\/buddha-g7e51f0ad9_1920-768x623.jpg 768w, https:\/\/anandame.fr\/wp-content\/uploads\/2023\/08\/buddha-g7e51f0ad9_1920-1536x1246.jpg 1536w, https:\/\/anandame.fr\/wp-content\/uploads\/2023\/08\/buddha-g7e51f0ad9_1920-600x487.jpg 600w, https:\/\/anandame.fr\/wp-content\/uploads\/2023\/08\/buddha-g7e51f0ad9_1920.jpg 1920w\" sizes=\"(max-width: 1024px) 100vw, 1024px\" \/>\t\t\t\t\t\t\t\t\t\t\t\t\t<\/div>\n\t\t\t\t<\/div>\n\t\t\t\t\t<\/div>\n\t\t<\/div>\n\t\t\t\t<div class=\"elementor-column elementor-col-50 elementor-inner-column elementor-element elementor-element-b759c13\" data-id=\"b759c13\" data-element_type=\"column\">\n\t\t\t<div class=\"elementor-widget-wrap elementor-element-populated\">\n\t\t\t\t\t\t<div class=\"elementor-element elementor-element-cbc46db elementor-widget elementor-widget-text-editor\" data-id=\"cbc46db\" data-element_type=\"widget\" data-widget_type=\"text-editor.default\">\n\t\t\t\t<div class=\"elementor-widget-container\">\n\t\t\t<style>\/*! elementor - v3.20.0 - 26-03-2024 *\/\n.elementor-widget-text-editor.elementor-drop-cap-view-stacked .elementor-drop-cap{background-color:#69727d;color:#fff}.elementor-widget-text-editor.elementor-drop-cap-view-framed .elementor-drop-cap{color:#69727d;border:3px solid;background-color:transparent}.elementor-widget-text-editor:not(.elementor-drop-cap-view-default) .elementor-drop-cap{margin-top:8px}.elementor-widget-text-editor:not(.elementor-drop-cap-view-default) .elementor-drop-cap-letter{width:1em;height:1em}.elementor-widget-text-editor .elementor-drop-cap{float:left;text-align:center;line-height:1;font-size:50px}.elementor-widget-text-editor .elementor-drop-cap-letter{display:inline-block}<\/style>\t\t\t\t<h6 class=\"cvGsUA direction-ltr align-justify para-style-body\" style=\"color: #640a0a; font-family: 'YADK4FSjBn0 0', _fb_, auto; --font-size: 26.6667px; --line-height: 1.4; line-height: 37px;\"><span class=\"OYPEnA text-decoration-none text-strikethrough-none\" style=\"font-weight: 400; font-style: normal;\">Un soin par magn\u00e9tisme est un \u00e9change d&rsquo;\u00e9nergie entre le receveur et le donneur via apposition des mains. Ce soin fait appel aux \u00e9nergies subtiles pour venir travailler l\u00e0 o\u00f9 il y a besoin. Cela peut \u00eatre sur le corps physique, \u00e9motionnel, mental ou bien sur d&rsquo;autres corps subtils qui font partis de nous.\u00a0<\/span>C&rsquo;est une r\u00e9-harmonisation de nos \u00e9nergies pour se sentir plus \u00e9quilibr\u00e9, align\u00e9 et en meilleure sant\u00e9.<\/h6>\t\t\t\t\t\t<\/div>\n\t\t\t\t<\/div>\n\t\t\t\t\t<\/div>\n\t\t<\/div>\n\t\t\t\t\t<\/div>\n\t\t<\/section>\n\t\t\t\t\t<\/div>\n\t\t<\/div>\n\t\t\t\t\t<\/div>\n\t\t<\/section>\n\t\t\t\t<\/div>\n\t\t","protected":false},"excerpt":{"rendered":"<p>Un soin par magn\u00e9tisme est un \u00e9change d&rsquo;\u00e9nergie entre le receveur et le donneur via apposition des mains. Ce soin fait appel aux \u00e9nergies subtiles &hellip;<\/p>\n","protected":false},"author":1,"featured_media":0,"parent":0,"menu_order":0,"comment_status":"closed","ping_status":"closed","template":"","meta":{"_mi_skip_tracking":false,"footnotes":""},"class_list":["post-75","page","type-page","status-publish","hentry"],"aioseo_notices":[],"_links":{"self":[{"href":"https:\/\/anandame.fr\/index.php\/wp-json\/wp\/v2\/pages\/75"}],"collection":[{"href":"https:\/\/anandame.fr\/index.php\/wp-json\/wp\/v2\/pages"}],"about":[{"href":"https:\/\/anandame.fr\/index.php\/wp-json\/wp\/v2\/types\/page"}],"author":[{"embeddable":true,"href":"https:\/\/anandame.fr\/index.php\/wp-json\/wp\/v2\/users\/1"}],"replies":[{"embeddable":true,"href":"https:\/\/anandame.fr\/index.php\/wp-json\/wp\/v2\/comments?post=75"}],"version-history":[{"count":4,"href":"https:\/\/anandame.fr\/index.php\/wp-json\/wp\/v2\/pages\/75\/revisions"}],"predecessor-version":[{"id":164,"href":"https:\/\/anandame.fr\/index.php\/wp-json\/wp\/v2\/pages\/75\/revisions\/164"}],"wp:attachment":[{"href":"https:\/\/anandame.fr\/index.php\/wp-json\/wp\/v2\/media?parent=75"}],"curies":[{"name":"wp","href":"https:\/\/api.w.org\/{rel}","templated":true}]}}